{"id":20,"date":"2025-11-25T10:31:58","date_gmt":"2025-11-25T10:31:58","guid":{"rendered":"https:\/\/bsv.itbude.ch\/?page_id=20"},"modified":"2026-03-02T18:00:25","modified_gmt":"2026-03-02T18:00:25","slug":"gewehr-300m","status":"publish","type":"page","link":"https:\/\/bsv-pfaeffikon.ch\/?page_id=20","title":{"rendered":"Gewehr 300m"},"content":{"rendered":"\n<p>Der Bezirk umfasst folgende Vereine:<\/p>\n\n\n\n<p>Sch\u00fctzenverein Hermatswil-G\u00fcndisau<br>Sch\u00fctzengesellschaft Hittnau<br>Schiesssportverein Illnau-Effretikon<br>Sch\u00fctzengesellschaft Kyburg<br>Gemeindeschiessverein Lindau<br>Sch\u00fctzengesellschaft Ottikon<br>Schiessverein Pf\u00e4ffikon<br>Sch\u00fctzenverein Russikon-Wildberg-Wila<br>Sch\u00fctzenverein Schmidr\u00fcti-Sitzberg<br>Sch\u00fctzenverein Turbenthal-Neubrunn<br>Sch\u00fctzenverein Weisslingen<\/p>\n\n\n\n<hr class=\"wp-block-separator has-alpha-channel-opacity\"\/>\n\n\n\n<hr class=\"wp-block-separator has-alpha-channel-opacity\"\/>\n\n\n\n<p><strong>Vorst\u00e4ndeschiessen<\/strong><\/p>\n\n\n\n<details class=\"wp-block-details is-layout-flow wp-block-details-is-layout-flow\"><summary>2024 Vorst\u00e4ndeschiessen &#8211; Einzelrangliste in Russikon-Wildberg-Wila<\/summary>\n<div data-wp-interactive=\"core\/file\" class=\"wp-block-file\"><object data-wp-bind--hidden=\"!state.hasPdfPreview\" hidden class=\"wp-block-file__embed\" data=\"https:\/\/bsv-pfaeffikon.ch\/wp-content\/uploads\/2025\/12\/bsvp-vorstaendeschiessen-2024_einzelrangliste.pdf\" type=\"application\/pdf\" style=\"width:100%;height:600px\" aria-label=\"Einbettung von bsvp-vorstaendeschiessen-2024_einzelrangliste.\"><\/object><a id=\"wp-block-file--media-4757c252-bec3-4be3-9008-6c3f9b2b1eb0\" href=\"https:\/\/bsv-pfaeffikon.ch\/wp-content\/uploads\/2025\/12\/bsvp-vorstaendeschiessen-2024_einzelrangliste.pdf\">bsvp-vorstaendeschiessen-2024_einzelrangliste<\/a><a href=\"https:\/\/bsv-pfaeffikon.ch\/wp-content\/uploads\/2025\/12\/bsvp-vorstaendeschiessen-2024_einzelrangliste.pdf\" class=\"wp-block-file__button wp-element-button\" download aria-describedby=\"wp-block-file--media-4757c252-bec3-4be3-9008-6c3f9b2b1eb0\">Herunterladen<\/a><\/div>\n<\/details>\n\n\n\n<details class=\"wp-block-details is-layout-flow wp-block-details-is-layout-flow\"><summary>2024 Vorst\u00e4ndeschiessen &#8211; Gruppenrangliste in Russikon-Wildberg-Wila <\/summary>\n<div data-wp-interactive=\"core\/file\" class=\"wp-block-file\"><object data-wp-bind--hidden=\"!state.hasPdfPreview\" hidden class=\"wp-block-file__embed\" data=\"https:\/\/bsv-pfaeffikon.ch\/wp-content\/uploads\/2025\/12\/bsvp-vorstaendeschiessen-2024_gruppenrangliste.pdf\" type=\"application\/pdf\" style=\"width:100%;height:600px\" aria-label=\"Einbettung von bsvp-vorstaendeschiessen-2024_gruppenrangliste.\"><\/object><a id=\"wp-block-file--media-0889792c-46d4-442d-83cc-49b19472e40a\" href=\"https:\/\/bsv-pfaeffikon.ch\/wp-content\/uploads\/2025\/12\/bsvp-vorstaendeschiessen-2024_gruppenrangliste.pdf\">bsvp-vorstaendeschiessen-2024_gruppenrangliste<\/a><a href=\"https:\/\/bsv-pfaeffikon.ch\/wp-content\/uploads\/2025\/12\/bsvp-vorstaendeschiessen-2024_gruppenrangliste.pdf\" class=\"wp-block-file__button wp-element-button\" download aria-describedby=\"wp-block-file--media-0889792c-46d4-442d-83cc-49b19472e40a\">Herunterladen<\/a><\/div>\n<\/details>\n","protected":false},"excerpt":{"rendered":"<p>Der Bezirk umfasst folgende Vereine: Sch\u00fctzenverein Hermatswil-G\u00fcndisauSch\u00fctzengesellschaft HittnauSchiesssportverein Illnau-EffretikonSch\u00fctzengesellschaft KyburgGemeindeschiessverein LindauSch\u00fctzengesellschaft OttikonSchiessverein Pf\u00e4ffikonSch\u00fctzenverein Russikon-Wildberg-WilaSch\u00fctzenverein Schmidr\u00fcti-SitzbergSch\u00fctzenverein Turbenthal-NeubrunnSch\u00fctzenverein Weisslingen Vorst\u00e4ndeschiessen<\/p>\n","protected":false},"author":1,"featured_media":0,"parent":0,"menu_order":0,"comment_status":"closed","ping_status":"closed","template":"","meta":{"footnotes":""},"class_list":["post-20","page","type-page","status-publish","hentry"],"_links":{"self":[{"href":"https:\/\/bsv-pfaeffikon.ch\/index.php?rest_route=\/wp\/v2\/pages\/20","targetHints":{"allow":["GET"]}}],"collection":[{"href":"https:\/\/bsv-pfaeffikon.ch\/index.php?rest_route=\/wp\/v2\/pages"}],"about":[{"href":"https:\/\/bsv-pfaeffikon.ch\/index.php?rest_route=\/wp\/v2\/types\/page"}],"author":[{"embeddable":true,"href":"https:\/\/bsv-pfaeffikon.ch\/index.php?rest_route=\/wp\/v2\/users\/1"}],"replies":[{"embeddable":true,"href":"https:\/\/bsv-pfaeffikon.ch\/index.php?rest_route=%2Fwp%2Fv2%2Fcomments&post=20"}],"version-history":[{"count":9,"href":"https:\/\/bsv-pfaeffikon.ch\/index.php?rest_route=\/wp\/v2\/pages\/20\/revisions"}],"predecessor-version":[{"id":273,"href":"https:\/\/bsv-pfaeffikon.ch\/index.php?rest_route=\/wp\/v2\/pages\/20\/revisions\/273"}],"wp:attachment":[{"href":"https:\/\/bsv-pfaeffikon.ch\/index.php?rest_route=%2Fwp%2Fv2%2Fmedia&parent=20"}],"curies":[{"name":"wp","href":"https:\/\/api.w.org\/{rel}","templated":true}]}}