{"id":30,"date":"2025-11-25T10:32:48","date_gmt":"2025-11-25T10:32:48","guid":{"rendered":"https:\/\/bsv.itbude.ch\/?page_id=30"},"modified":"2026-03-02T18:38:04","modified_gmt":"2026-03-02T18:38:04","slug":"links","status":"publish","type":"page","link":"https:\/\/bsv-pfaeffikon.ch\/?page_id=30","title":{"rendered":"Links"},"content":{"rendered":"\n<p>BSV-Pf\u00e4ffikon Vereine<\/p>\n\n\n\n<figure class=\"wp-block-gallery has-nested-images columns-8 has-white-background-color has-background wp-block-gallery-1 is-layout-flex wp-block-gallery-is-layout-flex\">\n<figure class=\"wp-block-image size-large\"><img loading=\"lazy\" decoding=\"async\" width=\"140\" height=\"138\" data-id=\"118\" src=\"https:\/\/bsv-pfaeffikon.ch\/wp-content\/uploads\/2025\/11\/logo_psv-fehraltorf.jpg\" alt=\"\" class=\"wp-image-118\"\/><\/figure>\n\n\n\n<figure class=\"wp-block-image size-large\"><img loading=\"lazy\" decoding=\"async\" width=\"108\" height=\"133\" data-id=\"116\" src=\"https:\/\/bsv-pfaeffikon.ch\/wp-content\/uploads\/2025\/11\/logo_sg-hittnau.png\" alt=\"\" class=\"wp-image-116\"\/><\/figure>\n\n\n\n<figure class=\"wp-block-image size-large\"><img loading=\"lazy\" decoding=\"async\" width=\"150\" height=\"150\" data-id=\"123\" src=\"https:\/\/bsv-pfaeffikon.ch\/wp-content\/uploads\/2025\/11\/logo_russikon.png\" alt=\"\" class=\"wp-image-123\"\/><\/figure>\n\n\n\n<figure class=\"wp-block-image size-full\"><img loading=\"lazy\" decoding=\"async\" width=\"126\" height=\"128\" data-id=\"290\" src=\"https:\/\/bsv-pfaeffikon.ch\/wp-content\/uploads\/2026\/03\/Bild1.png\" alt=\"\" class=\"wp-image-290\"\/><\/figure>\n\n\n\n<figure class=\"wp-block-image size-full\"><img loading=\"lazy\" decoding=\"async\" width=\"678\" height=\"795\" data-id=\"122\" src=\"https:\/\/bsv-pfaeffikon.ch\/wp-content\/uploads\/2025\/11\/logo_pfaeffikon-1.png\" alt=\"\" class=\"wp-image-122\" srcset=\"https:\/\/bsv-pfaeffikon.ch\/wp-content\/uploads\/2025\/11\/logo_pfaeffikon-1.png 678w, https:\/\/bsv-pfaeffikon.ch\/wp-content\/uploads\/2025\/11\/logo_pfaeffikon-1-256x300.png 256w\" sizes=\"auto, (max-width: 678px) 100vw, 678px\" \/><\/figure>\n\n\n\n<figure class=\"wp-block-image size-large\"><img loading=\"lazy\" decoding=\"async\" width=\"150\" height=\"110\" data-id=\"127\" src=\"https:\/\/bsv-pfaeffikon.ch\/wp-content\/uploads\/2025\/11\/logo_weisslingen-1.png\" alt=\"\" class=\"wp-image-127\"\/><\/figure>\n\n\n\n<figure class=\"wp-block-image size-full\"><img loading=\"lazy\" decoding=\"async\" width=\"301\" height=\"300\" data-id=\"126\" src=\"https:\/\/bsv-pfaeffikon.ch\/wp-content\/uploads\/2025\/11\/logo_psv-lindau.jpg\" alt=\"\" class=\"wp-image-126\" srcset=\"https:\/\/bsv-pfaeffikon.ch\/wp-content\/uploads\/2025\/11\/logo_psv-lindau.jpg 301w, https:\/\/bsv-pfaeffikon.ch\/wp-content\/uploads\/2025\/11\/logo_psv-lindau-150x150.jpg 150w\" sizes=\"auto, (max-width: 301px) 100vw, 301px\" \/><\/figure>\n\n\n\n<figure class=\"wp-block-image size-full\"><img loading=\"lazy\" decoding=\"async\" width=\"960\" height=\"1125\" data-id=\"251\" src=\"https:\/\/bsv-pfaeffikon.ch\/wp-content\/uploads\/2025\/12\/Turbenthal.svg_.png\" alt=\"\" class=\"wp-image-251\" srcset=\"https:\/\/bsv-pfaeffikon.ch\/wp-content\/uploads\/2025\/12\/Turbenthal.svg_.png 960w, https:\/\/bsv-pfaeffikon.ch\/wp-content\/uploads\/2025\/12\/Turbenthal.svg_-256x300.png 256w, https:\/\/bsv-pfaeffikon.ch\/wp-content\/uploads\/2025\/12\/Turbenthal.svg_-874x1024.png 874w, https:\/\/bsv-pfaeffikon.ch\/wp-content\/uploads\/2025\/12\/Turbenthal.svg_-768x900.png 768w\" sizes=\"auto, (max-width: 767px) 89vw, (max-width: 1000px) 54vw, (max-width: 1071px) 543px, 580px\" \/><\/figure>\n\n\n\n<figure class=\"wp-block-image size-full\"><img loading=\"lazy\" decoding=\"async\" width=\"278\" height=\"280\" data-id=\"286\" src=\"https:\/\/bsv-pfaeffikon.ch\/wp-content\/uploads\/2026\/03\/SG-Ottikon.png\" alt=\"\" class=\"wp-image-286\" srcset=\"https:\/\/bsv-pfaeffikon.ch\/wp-content\/uploads\/2026\/03\/SG-Ottikon.png 278w, https:\/\/bsv-pfaeffikon.ch\/wp-content\/uploads\/2026\/03\/SG-Ottikon-150x150.png 150w, https:\/\/bsv-pfaeffikon.ch\/wp-content\/uploads\/2026\/03\/SG-Ottikon-100x100.png 100w\" sizes=\"auto, (max-width: 278px) 100vw, 278px\" \/><\/figure>\n\n\n\n<figure class=\"wp-block-image size-full\"><img loading=\"lazy\" decoding=\"async\" width=\"1400\" height=\"1400\" data-id=\"283\" src=\"https:\/\/bsv-pfaeffikon.ch\/wp-content\/uploads\/2026\/03\/Pistole-1@2x.jpg\" alt=\"\" class=\"wp-image-283\" srcset=\"https:\/\/bsv-pfaeffikon.ch\/wp-content\/uploads\/2026\/03\/Pistole-1@2x.jpg 1400w, https:\/\/bsv-pfaeffikon.ch\/wp-content\/uploads\/2026\/03\/Pistole-1@2x-300x300.jpg 300w, https:\/\/bsv-pfaeffikon.ch\/wp-content\/uploads\/2026\/03\/Pistole-1@2x-1024x1024.jpg 1024w, https:\/\/bsv-pfaeffikon.ch\/wp-content\/uploads\/2026\/03\/Pistole-1@2x-150x150.jpg 150w, https:\/\/bsv-pfaeffikon.ch\/wp-content\/uploads\/2026\/03\/Pistole-1@2x-768x768.jpg 768w, https:\/\/bsv-pfaeffikon.ch\/wp-content\/uploads\/2026\/03\/Pistole-1@2x-100x100.jpg 100w\" sizes=\"auto, (max-width: 767px) 89vw, (max-width: 1000px) 54vw, (max-width: 1071px) 543px, 580px\" \/><\/figure>\n\n\n\n<figure class=\"wp-block-image size-large\"><img loading=\"lazy\" decoding=\"async\" width=\"150\" height=\"150\" data-id=\"119\" src=\"https:\/\/bsv-pfaeffikon.ch\/wp-content\/uploads\/2025\/11\/logo_ssvie.png\" alt=\"\" class=\"wp-image-119\"\/><\/figure>\n\n\n\n<figure class=\"wp-block-image size-full\"><img loading=\"lazy\" decoding=\"async\" width=\"193\" height=\"202\" data-id=\"249\" src=\"https:\/\/bsv-pfaeffikon.ch\/wp-content\/uploads\/2025\/12\/SV-Schmidrueti-Sitzberg.png\" alt=\"\" class=\"wp-image-249\"\/><\/figure>\n\n\n\n<figure class=\"wp-block-image size-full\"><img loading=\"lazy\" decoding=\"async\" width=\"564\" height=\"596\" data-id=\"125\" src=\"https:\/\/bsv-pfaeffikon.ch\/wp-content\/uploads\/2025\/11\/logo_ps-pfaeffikon.jpg\" alt=\"\" class=\"wp-image-125\" srcset=\"https:\/\/bsv-pfaeffikon.ch\/wp-content\/uploads\/2025\/11\/logo_ps-pfaeffikon.jpg 564w, https:\/\/bsv-pfaeffikon.ch\/wp-content\/uploads\/2025\/11\/logo_ps-pfaeffikon-284x300.jpg 284w\" sizes=\"auto, (max-width: 564px) 100vw, 564px\" \/><\/figure>\n\n\n\n<figure class=\"wp-block-image size-full is-style-default\"><img loading=\"lazy\" decoding=\"async\" width=\"150\" height=\"163\" data-id=\"121\" src=\"https:\/\/bsv-pfaeffikon.ch\/wp-content\/uploads\/2025\/11\/logo_gsv-lindau.jpg\" alt=\"\" class=\"wp-image-121\"\/><\/figure>\n\n\n\n<figure class=\"wp-block-image size-full\"><img loading=\"lazy\" decoding=\"async\" width=\"192\" height=\"225\" data-id=\"120\" src=\"https:\/\/bsv-pfaeffikon.ch\/wp-content\/uploads\/2025\/11\/logo_kyburg.png\" alt=\"\" class=\"wp-image-120\"\/><\/figure>\n<\/figure>\n\n\n\n<div class=\"wp-block-columns is-layout-flex wp-container-core-columns-is-layout-9d6595d7 wp-block-columns-is-layout-flex\">\n<div class=\"wp-block-column is-layout-flow wp-block-column-is-layout-flow\">\n<p><a href=\"http:\/\/www.sv-pfaeffikon-zh.ch\">Schiessverein Pf\u00e4ffikon<\/a><\/p>\n\n\n\n<p><a href=\"http:\/\/www.sv-weisslingen.ch\">Sch\u00fctzenverein Weisslingen<\/a><\/p>\n\n\n\n<p><a href=\"http:\/\/www.svrww.ch\">Sch\u00fctzenverein Russikon-Wildberg-Wila<\/a><\/p>\n\n\n\n<p><a href=\"http:\/\/www.ssvie.ch\">Schiesssportverein Illnau-Effretikon<\/a><\/p>\n\n\n\n<p><a href=\"http:\/\/www.sghittnau.ch\">Sch\u00fctzen-Gesellschaft Hittnau<\/a><\/p>\n\n\n\n<p><a href=\"http:\/\/www.sg-kyburg1.ch\">Sch\u00fctzengesellschaft Kyburg<\/a><\/p>\n\n\n\n<p><a href=\"https:\/\/www.sv-hermatswil-guendisau.ch\/\" data-type=\"link\" data-id=\"https:\/\/www.sv-hermatswil-guendisau.ch\/\">Schiessverein Hermatswil-G\u00fcndisau<\/a><\/p>\n\n\n\n<p><a href=\"http:\/\/www.gsv-lindau.ch\">Gemeindeschiessverein Lindau<\/a><\/p>\n\n\n\n<p><a href=\"http:\/\/www.ps-pfaeffikon.ch\">Pistolensch\u00fctzen Pf\u00e4ffikon ZH<\/a><\/p>\n\n\n\n<p><a href=\"http:\/\/www.psv-fehraltorf.ch\">Pistolensch\u00fctzenverein Fehraltorf<\/a><\/p>\n\n\n\n<p><a href=\"https:\/\/psv-toesstal.ch\/\" data-type=\"link\" data-id=\"https:\/\/psv-toesstal.ch\/\">Pistolensch\u00fctzenverein T\u00f6sstal Wila<\/a><\/p>\n\n\n\n<p><a href=\"https:\/\/www.psvlindau.ch\/\" data-type=\"link\" data-id=\"https:\/\/www.psvlindau.ch\/\" target=\"_blank\" rel=\"noreferrer noopener\">Pistolensch\u00fctzenverein Lindau<\/a><\/p>\n\n\n\n<p><a href=\"https:\/\/www.sg-ottikon.ch\/home\/\" data-type=\"link\" data-id=\"https:\/\/www.sg-ottikon.ch\/home\/\">Sch\u00fctzengesellschaft Ottikon<\/a><\/p>\n\n\n\n<p>SV Turbenthal-Neubrunn<\/p>\n\n\n\n<p><a href=\"http:\/\/www.sv-schmidrueti-sitzberg.ch\" data-type=\"link\" data-id=\"www.sv-schmidrueti-sitzberg.ch\">SV Schmidr\u00fcti-Sitzberg<\/a><\/p>\n\n\n\n<p><\/p>\n<\/div>\n<\/div>\n\n\n\n<p>Andere Links:<\/p>\n\n\n\n<div class=\"wp-block-columns is-layout-flex wp-container-core-columns-is-layout-9d6595d7 wp-block-columns-is-layout-flex\">\n<div class=\"wp-block-column is-layout-flow wp-block-column-is-layout-flow\">\n<p><a href=\"http:\/\/www.swissshooting.ch\">SSV-Schweizerischer Schiesssportverband<\/a><\/p>\n\n\n\n<p><a href=\"http:\/\/www.zhsv.ch\">ZHSV-Z\u00fcrcher Schiesssportverband<\/a><\/p>\n\n\n\n<p><a href=\"http:\/\/www.msvwinterthur.ch\">Milit\u00e4rschiessverein Winterthur<\/a><\/p>\n\n\n\n<p><a href=\"http:\/\/www.omm-info.ch\">OMM-Ostschweizer Mannschafts-Meisterschaft<\/a><\/p>\n\n\n\n<p><a href=\"http:\/\/www.protell.ch\">proTell-Gesellschaft f\u00fcr ein freiheitliches Waffenrecht<\/a><\/p>\n\n\n\n<p><a href=\"http:\/\/www.vbs.admin.ch\">VBS-Verteidigung, Bev\u00f6lkerungsschutz und Sport<\/a><\/p>\n\n\n\n<p><a href=\"http:\/\/www.zkav.ch\">ZKAV-Z\u00fcrcher Kantonaler Armbrustsch\u00fctzen Verband<\/a><\/p>\n<\/div>\n<\/div>\n","protected":false},"excerpt":{"rendered":"<p>BSV-Pf\u00e4ffikon Vereine Schiessverein Pf\u00e4ffikon Sch\u00fctzenverein Weisslingen Sch\u00fctzenverein Russikon-Wildberg-Wila Schiesssportverein Illnau-Effretikon Sch\u00fctzen-Gesellschaft Hittnau Sch\u00fctzengesellschaft Kyburg Schiessverein Hermatswil-G\u00fcndisau Gemeindeschiessverein Lindau Pistolensch\u00fctzen Pf\u00e4ffikon ZH Pistolensch\u00fctzenverein Fehraltorf Pistolensch\u00fctzenverein T\u00f6sstal Wila Pistolensch\u00fctzenverein Lindau Sch\u00fctzengesellschaft Ottikon SV Turbenthal-Neubrunn SV Schmidr\u00fcti-Sitzberg Andere Links: SSV-Schweizerischer Schiesssportverband ZHSV-Z\u00fcrcher Schiesssportverband Milit\u00e4rschiessverein Winterthur OMM-Ostschweizer Mannschafts-Meisterschaft proTell-Gesellschaft f\u00fcr ein freiheitliches Waffenrecht VBS-Verteidigung, Bev\u00f6lkerungsschutz und Sport ZKAV-Z\u00fcrcher Kantonaler &hellip; <\/p>\n<p class=\"link-more\"><a href=\"https:\/\/bsv-pfaeffikon.ch\/?page_id=30\" class=\"more-link\"><span class=\"screen-reader-text\">\u201eLinks\u201c<\/span> weiterlesen<\/a><\/p>\n","protected":false},"author":1,"featured_media":0,"parent":0,"menu_order":0,"comment_status":"closed","ping_status":"closed","template":"","meta":{"footnotes":""},"class_list":["post-30","page","type-page","status-publish","hentry"],"_links":{"self":[{"href":"https:\/\/bsv-pfaeffikon.ch\/index.php?rest_route=\/wp\/v2\/pages\/30","targetHints":{"allow":["GET"]}}],"collection":[{"href":"https:\/\/bsv-pfaeffikon.ch\/index.php?rest_route=\/wp\/v2\/pages"}],"about":[{"href":"https:\/\/bsv-pfaeffikon.ch\/index.php?rest_route=\/wp\/v2\/types\/page"}],"author":[{"embeddable":true,"href":"https:\/\/bsv-pfaeffikon.ch\/index.php?rest_route=\/wp\/v2\/users\/1"}],"replies":[{"embeddable":true,"href":"https:\/\/bsv-pfaeffikon.ch\/index.php?rest_route=%2Fwp%2Fv2%2Fcomments&post=30"}],"version-history":[{"count":16,"href":"https:\/\/bsv-pfaeffikon.ch\/index.php?rest_route=\/wp\/v2\/pages\/30\/revisions"}],"predecessor-version":[{"id":291,"href":"https:\/\/bsv-pfaeffikon.ch\/index.php?rest_route=\/wp\/v2\/pages\/30\/revisions\/291"}],"wp:attachment":[{"href":"https:\/\/bsv-pfaeffikon.ch\/index.php?rest_route=%2Fwp%2Fv2%2Fmedia&parent=30"}],"curies":[{"name":"wp","href":"https:\/\/api.w.org\/{rel}","templated":true}]}}